{"id":33,"date":"2015-04-08T08:11:18","date_gmt":"2015-04-08T08:11:18","guid":{"rendered":"http:\/\/pelsocamping.hu\/en\/?page_id=33"},"modified":"2024-11-13T13:16:22","modified_gmt":"2024-11-13T12:16:22","slug":"holiday","status":"publish","type":"page","link":"https:\/\/pelsocamping.hu\/en\/holiday\/","title":{"rendered":"Holiday"},"content":{"rendered":"<p>&nbsp;<\/p>\n<hr \/>\n<p style=\"text-align: left;\">You can see our price list for 2025 below:<\/p>\n<p style=\"text-align: left;\"><a href=\"http:\/\/pelsocamping.hu\/en\/wp-content\/uploads\/sites\/3\/2015\/04\/angol_katalog.jpg\" class=\"gallery_colorbox\"><img loading=\"lazy\" decoding=\"async\" class=\"alignnone size-full wp-image-865\" src=\"http:\/\/pelsocamping.hu\/en\/wp-content\/uploads\/sites\/3\/2015\/04\/angol_katalog.jpg\"  alt=\"angol_katalog\" width=\"1226\" height=\"663\" \/><\/a><\/p>\n<hr \/>\n<p><strong>Pelso Campsite in more detail<\/strong><\/p>\n<p>The four-star Pelso Campsite (also known as Europa Campsite) is situated at the border of Als\u00f3\u00f6rs and Pal\u00f3znak. It is a large and yet cosy holiday resort right on the shore of Balaton, <strong>with facilities of Western European standards<\/strong>. The campsite offers nice and tidy pitches and clean bathroom areas.<\/p>\n<p><strong>The site lies on a 20-hectare land with 376 plots, 376 tent pitches, 200 mobilehomes.<\/strong><\/p>\n<p>You can enjoy the sun on the vast grassy land while sipping a chilly cocktail or having an ice cream.<br \/>\nThe campsite offers a nice and clean site, several pools and a green beach with open sunny spots as well as cooling shadows of large trees. Besides the natural water, the beach offers a kids pool and an adventure pool, a free of charge waterslide and various sport activities such as beach volleyball, street ball and tennis. \u00a0After sliding down the curves of the waterslide,\u00a0 you will splash in the lake; but those who prefer calmer water can also relax in the pool.<\/p>\n<p>Right next to the entrance you can find Europa Club, a popular spot for young people. Besides a great social area to sit down and have a chat, this is where the animation events take place.<\/p>\n<p>On the premises there is a bar, a news and gift stand and a bit further away the town boasts a number of caf\u00e9s and restaurants. <strong>In certain parts of the campsite we have a no dogs policy<\/strong>. <strong>Our campsite has been a top children friendly campsite since 2009.<\/strong><\/p>\n<p>&nbsp;<\/p>\n<p>&nbsp;<\/p>\n<p>&nbsp;<\/p>\n<p>&nbsp;<\/p>\n<p>&nbsp;<\/p>\n<p>&nbsp;<\/p>\n","protected":false},"excerpt":{"rendered":"<p>&nbsp; You can see our price list for 2025 below: Pelso Campsite in more detail The four-star Pelso Campsite (also known as Europa Campsite) is situated at the border of Als\u00f3\u00f6rs and Pal\u00f3znak. It is a large and yet cosy holiday resort right on the shore of Balaton, with facilities of Western European standards. The &hellip; <a href=\"https:\/\/pelsocamping.hu\/en\/holiday\/\" class=\"more-link\">Continue reading <span class=\"screen-reader-text\">Holiday<\/span> <span class=\"meta-nav\">&rarr;<\/span><\/a><\/p>\n","protected":false},"author":821,"featured_media":0,"parent":0,"menu_order":0,"comment_status":"closed","ping_status":"open","template":"","meta":{"footnotes":""},"tags":[],"class_list":["post-33","page","type-page","status-publish","hentry"],"_links":{"self":[{"href":"https:\/\/pelsocamping.hu\/en\/wp-json\/wp\/v2\/pages\/33","targetHints":{"allow":["GET"]}}],"collection":[{"href":"https:\/\/pelsocamping.hu\/en\/wp-json\/wp\/v2\/pages"}],"about":[{"href":"https:\/\/pelsocamping.hu\/en\/wp-json\/wp\/v2\/types\/page"}],"author":[{"embeddable":true,"href":"https:\/\/pelsocamping.hu\/en\/wp-json\/wp\/v2\/users\/821"}],"replies":[{"embeddable":true,"href":"https:\/\/pelsocamping.hu\/en\/wp-json\/wp\/v2\/comments?post=33"}],"version-history":[{"count":49,"href":"https:\/\/pelsocamping.hu\/en\/wp-json\/wp\/v2\/pages\/33\/revisions"}],"predecessor-version":[{"id":1408,"href":"https:\/\/pelsocamping.hu\/en\/wp-json\/wp\/v2\/pages\/33\/revisions\/1408"}],"wp:attachment":[{"href":"https:\/\/pelsocamping.hu\/en\/wp-json\/wp\/v2\/media?parent=33"}],"wp:term":[{"taxonomy":"post_tag","embeddable":true,"href":"https:\/\/pelsocamping.hu\/en\/wp-json\/wp\/v2\/tags?post=33"}],"curies":[{"name":"wp","href":"https:\/\/api.w.org\/{rel}","templated":true}]}}