{"id":429,"date":"2015-12-15T11:11:28","date_gmt":"2015-12-15T11:11:28","guid":{"rendered":"http:\/\/pelsocamping.hu\/en\/?page_id=429"},"modified":"2016-03-09T08:54:13","modified_gmt":"2016-03-09T08:54:13","slug":"camping-info","status":"publish","type":"page","link":"https:\/\/pelsocamping.hu\/en\/camping-info\/","title":{"rendered":""},"content":{"rendered":"<form id=\"feliratkozo_form_11\" style=\"background-color: white; padding-top: 5%; padding-left: 2%; padding-right: 2%;\" action=\"http:\/\/www.szolnokiiparipark.hu\/marketing\/subscriber.php?g=11\" method=\"post\">\n<a href=\"http:\/\/pelsocamping.hu\/uploadfiles\/newsletter.pdf\" title=\"If you fill the form below with your email address you can win one of our prizes\"><br \/>\n<b>Lieber Camping Info Benutzer!   <\/b><img loading=\"lazy\" decoding=\"async\" src=\"http:\/\/pelsocamping.hu\/en\/wp-content\/uploads\/sites\/3\/2015\/12\/get_info.png\" alt=\"get_info\" width=\"20\" height=\"20\" class=\"alignnone size-full wp-image-481\" \/><\/a><br \/>\nDanke f\u00fcr Ihre Aufmerksamkeit! Bitte f\u00fcllen Sie dieses Formular, um Teil unseres Gewinnspiel teilnehmen!<\/p>\n<p style=\"font-size:13px;\">\n2 x 1 woche <b><a style=\"color:black;\" href=\"http:\/\/pelsocamping.hu\/parcella-120-m2-szezonberlet\/?lan=de\">VIP Tonh\u00f6he<\/a><\/b> jeder Zeit in 2016<br \/>\n2 x 1 woche <b><a style=\"color:black;\" href=\"http:\/\/pelsocamping.hu\/parcella-70-m2-szezonberlet\/?lan=de\">Lakeshore Zone<\/a><\/b> Tonh\u00f6he jedes Mal wenn ich 2016<br \/>\n2 x 1 woche <b><a style=\"color:black;\" href=\"http:\/\/pelsocamping.hu\/parcella-80m2\/?lan=de\">Schatten Tree1 Zone <\/a><\/b>Tonh\u00f6he jeder Zeit in 2016<br \/>\n1 x 1 woche <b><a style=\"color:black;\" href=\"http:\/\/pelsocamping.hu\/mobilhaz-optimum\/?lan=de\">PELSO optimum Wohnmobil<\/a><\/b> jeder Zeit in 2016 pre-season 2016.05.01-2016.06.24<br \/>\n1 x 1 woche <b><a style=\"color:black;\" href=\"http:\/\/pelsocamping.hu\/mobilhaz-premium\/?lan=de\"> PELSO premium Wohnmobil<\/a><\/b> jeder Zeit in 2016 pre-season 2016.05.01-2016.06.24<br \/>\n1 x 1 woche <b><a style=\"color:black;\" href=\"http:\/\/pelsocamping.hu\/mobilhaz-deluxe\/?lan=de\">PELSO deluxe Wohnmobil<\/a><\/b> jeder Zeit in 2016 pre-season 2016.05.01-2016.06.24<br \/>\n1 x 1 woche <b><a style=\"color:black;\" href=\"http:\/\/pelsocamping.hu\/mobilhaz-beachview\/?lan=de\">PELSO beachview Wohnmobil<\/a><\/b> jeder Zeit in 2016 pre-season 2016.05.01-2016.06.24\n<\/p>\n<p><a href=\"http:\/\/pelsocamping.hu\/en\/book\/\"> Unterkunft w\u00e4hlen sie buchen Sie jetzt!<\/a><\/p>\n<table border=\"0\" cellspacing=\"0\" cellpadding=\"4\">\n<tbody>\n<tr>\n<td align=\"right\">E-Mail-Addresse:<span style=\"color: red;\">*<\/span><\/td>\n<td><input name=\"subscr\" type=\"text\" \/><\/td>\n<\/tr>\n<tr>\n<td colspan=\"2\" align=\"center\"><input name=\"sub\" type=\"submit\" value=\"Anmelden\" \/><\/td>\n<\/tr>\n<\/tbody>\n<\/table>\n<\/form>\n<p><!-- WebGalamb H\u00edrlev\u00e9lk\u00f3d eleje --><\/p>\n<form id=\"feliratkozo_form_11\" style=\"background-color: white; padding-top: 5%; padding-left: 2%; padding-right: 2%;\" action=\"http:\/\/www.szolnokiiparipark.hu\/marketing\/subscriber.php?g=11\" method=\"post\"><a href=\"http:\/\/pelsocamping.hu\/uploadfiles\/newsletter.pdf\" title=\"If you fill the form below with your email address you can win one of our prizes\"><br \/>\n<b>Dear Camping Info user !   <\/b><img loading=\"lazy\" decoding=\"async\" src=\"http:\/\/pelsocamping.hu\/en\/wp-content\/uploads\/sites\/3\/2015\/12\/get_info.png\" alt=\"get_info\" width=\"20\" height=\"20\" class=\"alignnone size-full wp-image-481\" \/><\/a><br \/>\nThank you for your attention! Please fill out this form to take part of our lottery!<\/p>\n<p style=\"font-size:13px;\">\n2 x 1 week <b><a style=\"color:black;\" href=\"http:\/\/pelsocamping.hu\/parcella-120-m2-szezonberlet\/?lan=en\">VIP pitch<\/a><\/b> any time in 2016<br \/>\n2 x 1 week <b><a style=\"color:black;\" href=\"http:\/\/pelsocamping.hu\/parcella-70-m2-szezonberlet\/?lan=en\">Lakeshore zone pitch <\/a><\/b>any time in 2016<br \/>\n2 x 1 week <b><a style=\"color:black;\" href=\"http:\/\/pelsocamping.hu\/parcella-80m2\/?lan=en\">shadow tree1 zone pitch<\/a><\/b>any time in 2016<br \/>\n1 x 1 week <b><a style=\"color:black;\" href=\"http:\/\/pelsocamping.hu\/mobilhaz-optimum\/?lan=en\"> PELSO optimum mobile home <\/a><\/b>any time in 2016 pre-season 2016.05.01-2016.06.24<br \/>\n1 x 1 week <b><a style=\"color:black;\" href=\"http:\/\/pelsocamping.hu\/mobilhaz-premium\/?lan=en\"> PELSO premium mobile home <\/a><\/b>any time in 2016 pre-season 2016.05.01-2016.06.24<br \/>\n1 x 1 week <b><a style=\"color:black;\" href=\"http:\/\/pelsocamping.hu\/mobilhaz-deluxe\/?lan=en\"> PELSO deluxe mobile home <\/a><\/b> any time in 2016 pre-season 2016.05.01-2016.06.24<br \/>\n1 x 1 week <b><a style=\"color:black;\" href=\"http:\/\/pelsocamping.hu\/mobilhaz-beachview\/?lan=en\"> PELSO beachview mobile home<\/a><\/b> any time in 2016 pre-season 2016.05.01-2016.06.24\n<\/p>\n<p><a href=\"http:\/\/pelsocamping.hu\/en\/book\/\">  You Can Book your accomodation NOW!<\/a><\/p>\n<table border=\"0\" cellspacing=\"0\" cellpadding=\"4\">\n<tbody>\n<tr>\n<td align=\"right\">E-mail addres:<span style=\"color: red;\">*<\/span><\/td>\n<td><input name=\"subscr\" type=\"text\" \/><\/td>\n<\/tr>\n<tr>\n<td colspan=\"2\" align=\"center\"><input name=\"sub\" type=\"submit\" value=\"Sign Up\" \/><\/td>\n<\/tr>\n<\/tbody>\n<\/table>\n<\/form>\n<p><!-- WebGalamb H\u00edrlev\u00e9lk\u00f3d - form v\u00e9ge JavaScript ellen\u0151rz\u0151 k\u00f3d eleje --><\/p>\n<p><script type=\"text\/javascript\">\/\/ <![CDATA[\nfunction fvalidate_11(fname) { var formx=document.getElementById(fname); var hiba=''; var mregexp=\/^([a-zA-Z0-9_\\.\\-\\+&#038;])+\\@(([a-zA-Z0-9\\-])+\\.)+([a-zA-Z0-9]{2,6})+$\/; if(!mregexp.test(formx.subscr.value)) { hiba='* Hib\u00e1s a megadott e-mail c\u00edm!'; formx.subscr.focus(); } if(hiba)alert(hiba); else return true; }\n\/\/ ]]><\/script><\/p>\n<p><!-- JavaScript ellen\u0151rz\u0151 k\u00f3d v\u00e9ge --><\/p>\n","protected":false},"excerpt":{"rendered":"<p>Lieber Camping Info Benutzer! Danke f\u00fcr Ihre Aufmerksamkeit! Bitte f\u00fcllen Sie dieses Formular, um Teil unseres Gewinnspiel teilnehmen! 2 x 1 woche VIP Tonh\u00f6he jeder Zeit in 2016 2 x 1 woche Lakeshore Zone Tonh\u00f6he jedes Mal wenn ich 2016 2 x 1 woche Schatten Tree1 Zone Tonh\u00f6he jeder Zeit in 2016 1 x 1 &hellip; <a href=\"https:\/\/pelsocamping.hu\/en\/camping-info\/\" class=\"more-link\">Continue reading <span class=\"screen-reader-text\"><\/span> <span class=\"meta-nav\">&rarr;<\/span><\/a><\/p>\n","protected":false},"author":821,"featured_media":0,"parent":0,"menu_order":0,"comment_status":"closed","ping_status":"closed","template":"","meta":{"footnotes":""},"tags":[],"class_list":["post-429","page","type-page","status-publish","hentry"],"_links":{"self":[{"href":"https:\/\/pelsocamping.hu\/en\/wp-json\/wp\/v2\/pages\/429","targetHints":{"allow":["GET"]}}],"collection":[{"href":"https:\/\/pelsocamping.hu\/en\/wp-json\/wp\/v2\/pages"}],"about":[{"href":"https:\/\/pelsocamping.hu\/en\/wp-json\/wp\/v2\/types\/page"}],"author":[{"embeddable":true,"href":"https:\/\/pelsocamping.hu\/en\/wp-json\/wp\/v2\/users\/821"}],"replies":[{"embeddable":true,"href":"https:\/\/pelsocamping.hu\/en\/wp-json\/wp\/v2\/comments?post=429"}],"version-history":[{"count":72,"href":"https:\/\/pelsocamping.hu\/en\/wp-json\/wp\/v2\/pages\/429\/revisions"}],"predecessor-version":[{"id":717,"href":"https:\/\/pelsocamping.hu\/en\/wp-json\/wp\/v2\/pages\/429\/revisions\/717"}],"wp:attachment":[{"href":"https:\/\/pelsocamping.hu\/en\/wp-json\/wp\/v2\/media?parent=429"}],"wp:term":[{"taxonomy":"post_tag","embeddable":true,"href":"https:\/\/pelsocamping.hu\/en\/wp-json\/wp\/v2\/tags?post=429"}],"curies":[{"name":"wp","href":"https:\/\/api.w.org\/{rel}","templated":true}]}}