{"id":87,"date":"2015-04-08T10:52:00","date_gmt":"2015-04-08T10:52:00","guid":{"rendered":"http:\/\/pelsocamping.hu\/en\/?page_id=87"},"modified":"2015-04-14T07:51:56","modified_gmt":"2015-04-14T07:51:56","slug":"about-the-developer","status":"publish","type":"page","link":"https:\/\/pelsocamping.hu\/en\/about-the-developer\/","title":{"rendered":"About the developer"},"content":{"rendered":"<p><strong>Pelso Campsite, <\/strong>located at the border of Als\u00f3\u00f6rs and Pal\u00f3znak <strong>is owned by<\/strong> <strong>Pelso Camping Kft. Project Company, <\/strong>a subsidiary to Gima Szolnok Ipari Park Kft., whose major activity is <strong>operating and developing Gima Szolnok Industrial Logistic Park. The mission<\/strong> of GIMA Szolnok Ipari Park Kft. <strong>is to create a modern, highly developed business environment. The company is committed to the use of energy efficient technologies and renewable energy.<\/strong><\/p>\n<p>We would like to use our expertise in property development and our love for Balaton to boost tourism in the area. We are planning to make Pelso Campsite a quality holiday resort using funding from public tenders.<\/p>\n","protected":false},"excerpt":{"rendered":"<p>Pelso Campsite, located at the border of Als\u00f3\u00f6rs and Pal\u00f3znak is owned by Pelso Camping Kft. Project Company, a subsidiary to Gima Szolnok Ipari Park Kft., whose major activity is operating and developing Gima Szolnok Industrial Logistic Park. The mission of GIMA Szolnok Ipari Park Kft. is to create a modern, highly developed business environment. &hellip; <a href=\"https:\/\/pelsocamping.hu\/en\/about-the-developer\/\" class=\"more-link\">Continue reading <span class=\"screen-reader-text\">About the developer<\/span> <span class=\"meta-nav\">&rarr;<\/span><\/a><\/p>\n","protected":false},"author":821,"featured_media":0,"parent":0,"menu_order":0,"comment_status":"closed","ping_status":"open","template":"","meta":{"footnotes":""},"tags":[],"class_list":["post-87","page","type-page","status-publish","hentry"],"_links":{"self":[{"href":"https:\/\/pelsocamping.hu\/en\/wp-json\/wp\/v2\/pages\/87","targetHints":{"allow":["GET"]}}],"collection":[{"href":"https:\/\/pelsocamping.hu\/en\/wp-json\/wp\/v2\/pages"}],"about":[{"href":"https:\/\/pelsocamping.hu\/en\/wp-json\/wp\/v2\/types\/page"}],"author":[{"embeddable":true,"href":"https:\/\/pelsocamping.hu\/en\/wp-json\/wp\/v2\/users\/821"}],"replies":[{"embeddable":true,"href":"https:\/\/pelsocamping.hu\/en\/wp-json\/wp\/v2\/comments?post=87"}],"version-history":[{"count":2,"href":"https:\/\/pelsocamping.hu\/en\/wp-json\/wp\/v2\/pages\/87\/revisions"}],"predecessor-version":[{"id":127,"href":"https:\/\/pelsocamping.hu\/en\/wp-json\/wp\/v2\/pages\/87\/revisions\/127"}],"wp:attachment":[{"href":"https:\/\/pelsocamping.hu\/en\/wp-json\/wp\/v2\/media?parent=87"}],"wp:term":[{"taxonomy":"post_tag","embeddable":true,"href":"https:\/\/pelsocamping.hu\/en\/wp-json\/wp\/v2\/tags?post=87"}],"curies":[{"name":"wp","href":"https:\/\/api.w.org\/{rel}","templated":true}]}}